{"id":2408,"date":"2020-12-06T14:22:49","date_gmt":"2020-12-06T13:22:49","guid":{"rendered":"https:\/\/www.stefan-gros.de\/imprint\/"},"modified":"2025-08-10T18:56:05","modified_gmt":"2025-08-10T16:56:05","slug":"imprint","status":"publish","type":"page","link":"https:\/\/www.stefan-gros.de\/en\/imprint\/","title":{"rendered":"Imprint"},"content":{"rendered":"\t\t<div data-elementor-type=\"wp-page\" data-elementor-id=\"2408\" class=\"elementor elementor-2408 elementor-314\" data-elementor-post-type=\"page\">\n\t\t\t\t\t\t<section class=\"elementor-section elementor-top-section elementor-element elementor-element-4d2c9e9 elementor-reverse-mobile elementor-section-boxed elementor-section-height-default elementor-section-height-default\" data-id=\"4d2c9e9\" data-element_type=\"section\" data-e-type=\"section\" data-settings=\"{&quot;background_background&quot;:&quot;classic&quot;}\">\n\t\t\t\t\t\t<div class=\"elementor-container elementor-column-gap-no\">\n\t\t\t\t\t<div class=\"elementor-column elementor-col-100 elementor-top-column elementor-element elementor-element-1148300\" data-id=\"1148300\" data-element_type=\"column\" data-e-type=\"column\">\n\t\t\t<div class=\"elementor-widget-wrap elementor-element-populated\">\n\t\t\t\t\t\t<div class=\"elementor-element elementor-element-62d352e2 elementor-widget elementor-widget-text-editor\" data-id=\"62d352e2\" data-element_type=\"widget\" data-e-type=\"widget\" data-widget_type=\"text-editor.default\">\n\t\t\t\t<div class=\"elementor-widget-container\">\n\t\t\t\t\t\t\t\t\t<p class=\"p1\">Information according to \u00a7 5 TMG:<\/p><p style=\"font-weight: 400;\">Futurus Management Partners GmbH<br>Schlo\u00dfstr. 19, <br>82031 Gr\u00fcnwald <\/p><p style=\"font-weight: 400;\"><a href=\"mailto:sg@stefan-gros.de\">sg@stefan-gros.de<\/a><br><a href=\"https:\/\/www.stefan-gros.de\/en\/\" target=\"_blank\" rel=\"noopener\">www.stefan-gros.de<\/a><\/p><p class=\"p1\"><b>Responsible for the content according to \u00a7 55 Abs. 2 RStV:<\/b><br>Dr. Stefan Gros<\/p><p class=\"p1\"><b>Concept and implementation:<\/b><br>forma interim &#8211; Marketing for doers<br><a href=\"https:\/\/www.forma-interim.de\/\"><span class=\"s1\">www.forma-interim.de<\/span><\/a><\/p><p class=\"p1\"><b>Disclaimer<\/b><\/p><p class=\"p1\"><b>Liability for content<\/b><br>The content of these pages has been created with the utmost care. However, I cannot assume any liability for the correctness, completeness and topicality of the contents. As a service provider, I am liable according to \u00a7 7 Abs.1 TMG is responsible for its own content on these pages according to the general laws. According to \u00a7\u00a7 8 to 10 TMG, however, I am not obliged as a service provider to monitor transmitted or stored third-party information or to investigate circumstances that indicate illegal activity. Obligations to remove or block the use of information in accordance with general laws remain unaffected by this. However, liability in this respect is only possible from the time of knowledge of a specific infringement. As soon as I become aware of such infringements, I will remove this content immediately.<\/p><p class=\"p1\"><b>Liability for links<\/b><br>My website contains links to external websites of third parties over whose content I have no influence. Therefore, I cannot accept any liability for this third-party content. The respective provider or operator of the pages is always responsible for the content of the linked pages. The linked pages were checked for possible legal violations at the time of linking. Illegal contents were not recognizable at the time of linking. However, permanent monitoring of the content of the linked pages is not reasonable without concrete evidence of an infringement. If I become aware of any legal infringements, I will remove such links immediately.<\/p><p class=\"p1\"><b>Copyright<\/b><br>The content and works created by the site operator on these pages are subject to German copyright law. Duplication, processing, distribution and any form of commercialization of such material beyond the scope of the copyright law shall require the prior written consent of its respective author or creator. Downloads and copies of this site are only permitted for private, non-commercial use. Insofar as the content on this site was not created by the operator, the copyrights of third parties are respected. In particular, third-party content is identified as such. Should you nevertheless become aware of a copyright infringement, please notify me accordingly. If I become aware of any infringements, I will remove such content immediately.<\/p><p class=\"p4\"><span class=\"s2\"><a href=\"https:\/\/www.stefan-gros.de\/en\/privacy-policy\/\">Privacy policy<\/a><\/span><\/p><p class=\"p1\"> <\/p>\t\t\t\t\t\t\t\t<\/div>\n\t\t\t\t<\/div>\n\t\t\t\t\t<\/div>\n\t\t<\/div>\n\t\t\t\t\t<\/div>\n\t\t<\/section>\n\t\t\t\t<\/div>\n\t\t","protected":false},"excerpt":{"rendered":"<p>Information according to \u00a7 5 TMG: Futurus Management Partners GmbHSchlo\u00dfstr. 19, 82031 Gr\u00fcnwald sg@stefan-gros.dewww.stefan-gros.de Responsible for the content according to \u00a7 55 Abs. 2 RStV:Dr. Stefan Gros Concept and implementation:forma interim &#8211; Marketing for doerswww.forma-interim.de Disclaimer Liability for contentThe content of these pages has been created with the utmost care. However, I cannot assume any [&hellip;]<\/p>\n","protected":false},"author":2,"featured_media":0,"parent":0,"menu_order":99,"comment_status":"closed","ping_status":"closed","template":"","meta":{"site-sidebar-layout":"no-sidebar","site-content-layout":"page-builder","ast-site-content-layout":"default","site-content-style":"default","site-sidebar-style":"default","ast-global-header-display":"","ast-banner-title-visibility":"","ast-main-header-display":"","ast-hfb-above-header-display":"","ast-hfb-below-header-display":"","ast-hfb-mobile-header-display":"","site-post-title":"disabled","ast-breadcrumbs-content":"","ast-featured-img":"disabled","footer-sml-layout":"","ast-disable-related-posts":"","theme-transparent-header-meta":"disabled","adv-header-id-meta":"","stick-header-meta":"default","header-above-stick-meta":"","header-main-stick-meta":"","header-below-stick-meta":"","astra-migrate-meta-layouts":"default","ast-page-background-enabled":"default","ast-page-background-meta":{"desktop":{"background-color":"","background-image":"","background-repeat":"repeat","background-position":"center center","background-size":"auto","background-attachment":"scroll","background-type":"","background-media":"","overlay-type":"","overlay-color":"","overlay-opacity":"","overlay-gradient":""},"tablet":{"background-color":"","background-image":"","background-repeat":"repeat","background-position":"center center","background-size":"auto","background-attachment":"scroll","background-type":"","background-media":"","overlay-type":"","overlay-color":"","overlay-opacity":"","overlay-gradient":""},"mobile":{"background-color":"","background-image":"","background-repeat":"repeat","background-position":"center center","background-size":"auto","background-attachment":"scroll","background-type":"","background-media":"","overlay-type":"","overlay-color":"","overlay-opacity":"","overlay-gradient":""}},"ast-content-background-meta":{"desktop":{"background-color":"var(--ast-global-color-5)","background-image":"","background-repeat":"repeat","background-position":"center center","background-size":"auto","background-attachment":"scroll","background-type":"","background-media":"","overlay-type":"","overlay-color":"","overlay-opacity":"","overlay-gradient":""},"tablet":{"background-color":"var(--ast-global-color-5)","background-image":"","background-repeat":"repeat","background-position":"center center","background-size":"auto","background-attachment":"scroll","background-type":"","background-media":"","overlay-type":"","overlay-color":"","overlay-opacity":"","overlay-gradient":""},"mobile":{"background-color":"var(--ast-global-color-5)","background-image":"","background-repeat":"repeat","background-position":"center center","background-size":"auto","background-attachment":"scroll","background-type":"","background-media":"","overlay-type":"","overlay-color":"","overlay-opacity":"","overlay-gradient":""}},"footnotes":""},"class_list":["post-2408","page","type-page","status-publish","hentry"],"yoast_head":"<!-- This site is optimized with the Yoast SEO plugin v27.4 - https:\/\/yoast.com\/product\/yoast-seo-wordpress\/ -->\n<title>Imprint | Dr. Stefan Gros<\/title>\n<meta name=\"robots\" content=\"index, follow, max-snippet:-1, max-image-preview:large, max-video-preview:-1\" \/>\n<link rel=\"canonical\" href=\"https:\/\/www.stefan-gros.de\/en\/imprint\/\" \/>\n<meta property=\"og:locale\" content=\"en_US\" \/>\n<meta property=\"og:type\" content=\"article\" \/>\n<meta property=\"og:title\" content=\"Imprint | Dr. Stefan Gros\" \/>\n<meta property=\"og:description\" content=\"Information according to \u00a7 5 TMG: Futurus Management Partners GmbHSchlo\u00dfstr. 19, 82031 Gr\u00fcnwald sg@stefan-gros.dewww.stefan-gros.de Responsible for the content according to \u00a7 55 Abs. 2 RStV:Dr. Stefan Gros Concept and implementation:forma interim &#8211; Marketing for doerswww.forma-interim.de Disclaimer Liability for contentThe content of these pages has been created with the utmost care. However, I cannot assume any [&hellip;]\" \/>\n<meta property=\"og:url\" content=\"https:\/\/www.stefan-gros.de\/en\/imprint\/\" \/>\n<meta property=\"og:site_name\" content=\"Dr. Stefan Gros\" \/>\n<meta property=\"article:modified_time\" content=\"2025-08-10T16:56:05+00:00\" \/>\n<meta name=\"twitter:card\" content=\"summary_large_image\" \/>\n<meta name=\"twitter:label1\" content=\"Est. reading time\" \/>\n\t<meta name=\"twitter:data1\" content=\"2 minutes\" \/>\n<script type=\"application\/ld+json\" class=\"yoast-schema-graph\">{\"@context\":\"https:\\\/\\\/schema.org\",\"@graph\":[{\"@type\":\"WebPage\",\"@id\":\"https:\\\/\\\/www.stefan-gros.de\\\/en\\\/imprint\\\/\",\"url\":\"https:\\\/\\\/www.stefan-gros.de\\\/en\\\/imprint\\\/\",\"name\":\"Imprint | Dr. Stefan Gros\",\"isPartOf\":{\"@id\":\"https:\\\/\\\/www.stefan-gros.de\\\/en\\\/#website\"},\"datePublished\":\"2020-12-06T13:22:49+00:00\",\"dateModified\":\"2025-08-10T16:56:05+00:00\",\"breadcrumb\":{\"@id\":\"https:\\\/\\\/www.stefan-gros.de\\\/en\\\/imprint\\\/#breadcrumb\"},\"inLanguage\":\"en-US\",\"potentialAction\":[{\"@type\":\"ReadAction\",\"target\":[\"https:\\\/\\\/www.stefan-gros.de\\\/en\\\/imprint\\\/\"]}]},{\"@type\":\"BreadcrumbList\",\"@id\":\"https:\\\/\\\/www.stefan-gros.de\\\/en\\\/imprint\\\/#breadcrumb\",\"itemListElement\":[{\"@type\":\"ListItem\",\"position\":1,\"name\":\"Startseite\",\"item\":\"https:\\\/\\\/www.stefan-gros.de\\\/en\\\/\"},{\"@type\":\"ListItem\",\"position\":2,\"name\":\"Imprint\"}]},{\"@type\":\"WebSite\",\"@id\":\"https:\\\/\\\/www.stefan-gros.de\\\/en\\\/#website\",\"url\":\"https:\\\/\\\/www.stefan-gros.de\\\/en\\\/\",\"name\":\"Dr. Stefan Gros\",\"description\":\"Chief Financial Officer\",\"publisher\":{\"@id\":\"https:\\\/\\\/www.stefan-gros.de\\\/en\\\/#\\\/schema\\\/person\\\/3e56e01f6f2443cb5b42fb41bdc31b78\"},\"potentialAction\":[{\"@type\":\"SearchAction\",\"target\":{\"@type\":\"EntryPoint\",\"urlTemplate\":\"https:\\\/\\\/www.stefan-gros.de\\\/en\\\/?s={search_term_string}\"},\"query-input\":{\"@type\":\"PropertyValueSpecification\",\"valueRequired\":true,\"valueName\":\"search_term_string\"}}],\"inLanguage\":\"en-US\"},{\"@type\":[\"Person\",\"Organization\"],\"@id\":\"https:\\\/\\\/www.stefan-gros.de\\\/en\\\/#\\\/schema\\\/person\\\/3e56e01f6f2443cb5b42fb41bdc31b78\",\"name\":\"Dr. Stefan Gros | CFO\",\"image\":{\"@type\":\"ImageObject\",\"inLanguage\":\"en-US\",\"@id\":\"https:\\\/\\\/www.stefan-gros.de\\\/wp-content\\\/uploads\\\/2020\\\/12\\\/Dr-Stefan-Gros-CFO-Interim-Manager-bg-contact-02.jpg\",\"url\":\"https:\\\/\\\/www.stefan-gros.de\\\/wp-content\\\/uploads\\\/2020\\\/12\\\/Dr-Stefan-Gros-CFO-Interim-Manager-bg-contact-02.jpg\",\"contentUrl\":\"https:\\\/\\\/www.stefan-gros.de\\\/wp-content\\\/uploads\\\/2020\\\/12\\\/Dr-Stefan-Gros-CFO-Interim-Manager-bg-contact-02.jpg\",\"width\":1280,\"height\":774,\"caption\":\"Dr. Stefan Gros | CFO\"},\"logo\":{\"@id\":\"https:\\\/\\\/www.stefan-gros.de\\\/wp-content\\\/uploads\\\/2020\\\/12\\\/Dr-Stefan-Gros-CFO-Interim-Manager-bg-contact-02.jpg\"},\"description\":\"Dr. Stefan Gros ist Chief Financial Officer und Transformation Officer ad interim. Mit seiner mehr als 25-j\u00e4hrigen Berufs- und F\u00fchrungserfahrung z\u00e4hlt er zu den Top-Executives in Deutschland f\u00fcr Unternehmen mit spezifischen Herausforderungen und komplexen Situationen.\"}]}<\/script>\n<!-- \/ Yoast SEO plugin. -->","yoast_head_json":{"title":"Imprint | Dr. Stefan Gros","robots":{"index":"index","follow":"follow","max-snippet":"max-snippet:-1","max-image-preview":"max-image-preview:large","max-video-preview":"max-video-preview:-1"},"canonical":"https:\/\/www.stefan-gros.de\/en\/imprint\/","og_locale":"en_US","og_type":"article","og_title":"Imprint | Dr. Stefan Gros","og_description":"Information according to \u00a7 5 TMG: Futurus Management Partners GmbHSchlo\u00dfstr. 19, 82031 Gr\u00fcnwald sg@stefan-gros.dewww.stefan-gros.de Responsible for the content according to \u00a7 55 Abs. 2 RStV:Dr. Stefan Gros Concept and implementation:forma interim &#8211; Marketing for doerswww.forma-interim.de Disclaimer Liability for contentThe content of these pages has been created with the utmost care. However, I cannot assume any [&hellip;]","og_url":"https:\/\/www.stefan-gros.de\/en\/imprint\/","og_site_name":"Dr. Stefan Gros","article_modified_time":"2025-08-10T16:56:05+00:00","twitter_card":"summary_large_image","twitter_misc":{"Est. reading time":"2 minutes"},"schema":{"@context":"https:\/\/schema.org","@graph":[{"@type":"WebPage","@id":"https:\/\/www.stefan-gros.de\/en\/imprint\/","url":"https:\/\/www.stefan-gros.de\/en\/imprint\/","name":"Imprint | Dr. Stefan Gros","isPartOf":{"@id":"https:\/\/www.stefan-gros.de\/en\/#website"},"datePublished":"2020-12-06T13:22:49+00:00","dateModified":"2025-08-10T16:56:05+00:00","breadcrumb":{"@id":"https:\/\/www.stefan-gros.de\/en\/imprint\/#breadcrumb"},"inLanguage":"en-US","potentialAction":[{"@type":"ReadAction","target":["https:\/\/www.stefan-gros.de\/en\/imprint\/"]}]},{"@type":"BreadcrumbList","@id":"https:\/\/www.stefan-gros.de\/en\/imprint\/#breadcrumb","itemListElement":[{"@type":"ListItem","position":1,"name":"Startseite","item":"https:\/\/www.stefan-gros.de\/en\/"},{"@type":"ListItem","position":2,"name":"Imprint"}]},{"@type":"WebSite","@id":"https:\/\/www.stefan-gros.de\/en\/#website","url":"https:\/\/www.stefan-gros.de\/en\/","name":"Dr. Stefan Gros","description":"Chief Financial Officer","publisher":{"@id":"https:\/\/www.stefan-gros.de\/en\/#\/schema\/person\/3e56e01f6f2443cb5b42fb41bdc31b78"},"potentialAction":[{"@type":"SearchAction","target":{"@type":"EntryPoint","urlTemplate":"https:\/\/www.stefan-gros.de\/en\/?s={search_term_string}"},"query-input":{"@type":"PropertyValueSpecification","valueRequired":true,"valueName":"search_term_string"}}],"inLanguage":"en-US"},{"@type":["Person","Organization"],"@id":"https:\/\/www.stefan-gros.de\/en\/#\/schema\/person\/3e56e01f6f2443cb5b42fb41bdc31b78","name":"Dr. Stefan Gros | CFO","image":{"@type":"ImageObject","inLanguage":"en-US","@id":"https:\/\/www.stefan-gros.de\/wp-content\/uploads\/2020\/12\/Dr-Stefan-Gros-CFO-Interim-Manager-bg-contact-02.jpg","url":"https:\/\/www.stefan-gros.de\/wp-content\/uploads\/2020\/12\/Dr-Stefan-Gros-CFO-Interim-Manager-bg-contact-02.jpg","contentUrl":"https:\/\/www.stefan-gros.de\/wp-content\/uploads\/2020\/12\/Dr-Stefan-Gros-CFO-Interim-Manager-bg-contact-02.jpg","width":1280,"height":774,"caption":"Dr. Stefan Gros | CFO"},"logo":{"@id":"https:\/\/www.stefan-gros.de\/wp-content\/uploads\/2020\/12\/Dr-Stefan-Gros-CFO-Interim-Manager-bg-contact-02.jpg"},"description":"Dr. Stefan Gros ist Chief Financial Officer und Transformation Officer ad interim. Mit seiner mehr als 25-j\u00e4hrigen Berufs- und F\u00fchrungserfahrung z\u00e4hlt er zu den Top-Executives in Deutschland f\u00fcr Unternehmen mit spezifischen Herausforderungen und komplexen Situationen."}]}},"_hostinger_reach_plugin_has_subscription_block":false,"_hostinger_reach_plugin_is_elementor":false,"_links":{"self":[{"href":"https:\/\/www.stefan-gros.de\/en\/wp-json\/wp\/v2\/pages\/2408","targetHints":{"allow":["GET"]}}],"collection":[{"href":"https:\/\/www.stefan-gros.de\/en\/wp-json\/wp\/v2\/pages"}],"about":[{"href":"https:\/\/www.stefan-gros.de\/en\/wp-json\/wp\/v2\/types\/page"}],"author":[{"embeddable":true,"href":"https:\/\/www.stefan-gros.de\/en\/wp-json\/wp\/v2\/users\/2"}],"replies":[{"embeddable":true,"href":"https:\/\/www.stefan-gros.de\/en\/wp-json\/wp\/v2\/comments?post=2408"}],"version-history":[{"count":0,"href":"https:\/\/www.stefan-gros.de\/en\/wp-json\/wp\/v2\/pages\/2408\/revisions"}],"wp:attachment":[{"href":"https:\/\/www.stefan-gros.de\/en\/wp-json\/wp\/v2\/media?parent=2408"}],"curies":[{"name":"wp","href":"https:\/\/api.w.org\/{rel}","templated":true}]}}